{"id":1652,"date":"2016-05-22T09:30:35","date_gmt":"2016-05-22T09:30:35","guid":{"rendered":"https:\/\/ropatent.com\/?page_id=1652"},"modified":"2016-05-22T09:30:35","modified_gmt":"2016-05-22T09:30:35","slug":"politica-de-utilizare-a-cookies","status":"publish","type":"page","link":"https:\/\/ropatent.com\/index.php\/ro\/politica-de-utilizare-a-cookies\/","title":{"rendered":"Politica de utilizare a \u201dCookies\u201d"},"content":{"rendered":"<p style=\"text-align: justify;\"><strong>Politica de utilizare a \u201dCookies\u201d<\/strong><\/p>\n<p style=\"text-align: justify;\">Ropatent.com folose\u0219te Google Analytics, un serviciu de analiz\u0103 a datelor oferit de Google Inc. (\u201dGoogle\u201d). Acest serviciu folose\u0219te numitele \u201dcookies\u201d, adic\u0103 fi\u0219iere salvate pe computerul dumneavoastr\u0103, pentru a ajuta ropatent.com s\u0103 analizeze modul \u00een care utilizatorii folosesc website-ul. Informa\u021biile oferite de aceste \u201dcookies\u201d despre modul \u00een care dumneavoastr\u0103 folosi\u021bi website-ul (inclusiv adresa IP) sunt transmise \u0219i stocate de c\u0103tre Google pe serverele sale din Statele Unite ale Americii. Google va folosi aceste informa\u021bii pentru a evalua utilizarea ropatent.com, realiz\u00e2nd rapoarte despre activitatea website-ului pentru operatori de website\u00a0; va oferi, pe baza acestor informa\u021bii, \u0219i alte servicii legate de activitatea webste-ului \u0219i de utilizarea Internetului. Google poate, de asemenea, s\u0103 transfere aceste informa\u021bii c\u0103tre ter\u021bi atunci c\u00e2nd acest fapt \u00eei este impus prin lege sau c\u00e2nd ace\u0219ti ter\u021bi proceseaz\u0103 respectivele date \u00een numele Google. Google nu va asocia adresa dumneavoastr\u0103 IP cu nici o alt\u0103 informa\u021bie de\u021binut\u0103 de Google.<\/p>\n<p style=\"text-align: justify;\">Pute\u021bi refuza folosirea acestor \u201dcookies\u201d prin selectarea set\u0103rilor corespunz\u0103toare din browserul pe care \u00eel folosi\u021bi. V\u0103 aducem la cuno\u0219tin\u021b\u0103 c\u0103 aleg\u00e2nd s\u0103 nu folosi\u021bi \u201dcookies\u201d este posibil s\u0103 reduce\u021bi din func\u021biile website-ului, care nu va mai func\u021biona la parametri optimi.<\/p>\n<p style=\"text-align: justify;\">Prin folosirea ropatent.com consim\u021bi\u021bi procesarea datelor despre dumneavoastr\u0103 de c\u0103tre Google \u00een condi\u021biile \u0219i scopul men\u021bionate mai sus. Dac\u0103 nu dori\u021bi ca Google Analytics s\u0103 colecteze date despre utilizarea de c\u0103tre dumneavoastr\u0103 a ropatent.com, v\u0103 rug\u0103m s\u0103 instala\u021bi op\u021biunea Google Analytics Opt-out Browser Add-on pe care o pute\u021bi desc\u0103rca de <a href=\"https:\/\/tools.google.com\/dlpage\/gaoptout\">aic<\/a>i.<\/p>\n","protected":false},"excerpt":{"rendered":"<p>Politica de utilizare a \u201dCookies\u201d Ropatent.com folose\u0219te Google Analytics, un serviciu de analiz\u0103 a datelor oferit de Google Inc. (\u201dGoogle\u201d). Acest serviciu folose\u0219te numitele \u201dcookies\u201d, adic\u0103 fi\u0219iere salvate pe computerul dumneavoastr\u0103, pentru a ajuta ropatent.com s\u0103 analizeze modul \u00een care utilizatorii folosesc website-ul. Informa\u021biile oferite de aceste \u201dcookies\u201d despre modul \u00een care dumneavoastr\u0103 folosi\u021bi website-ul [&hellip;]<\/p>\n","protected":false},"author":1,"featured_media":0,"parent":0,"menu_order":0,"comment_status":"closed","ping_status":"closed","template":"","meta":[],"yoast_head":"<!-- This site is optimized with the Yoast SEO plugin v16.8 - https:\/\/yoast.com\/wordpress\/plugins\/seo\/ -->\n<title>Politica de utilizare a \u201dCookies\u201d - Ropatent<\/title>\n<meta name=\"robots\" content=\"index, follow, max-snippet:-1, max-image-preview:large, max-video-preview:-1\" \/>\n<link rel=\"canonical\" href=\"https:\/\/ropatent.com\/index.php\/ro\/politica-de-utilizare-a-cookies\/\" \/>\n<meta property=\"og:locale\" content=\"en_US\" \/>\n<meta property=\"og:type\" content=\"article\" \/>\n<meta property=\"og:title\" content=\"Politica de utilizare a \u201dCookies\u201d - Ropatent\" \/>\n<meta property=\"og:description\" content=\"Politica de utilizare a \u201dCookies\u201d Ropatent.com folose\u0219te Google Analytics, un serviciu de analiz\u0103 a datelor oferit de Google Inc. (\u201dGoogle\u201d). Acest serviciu folose\u0219te numitele \u201dcookies\u201d, adic\u0103 fi\u0219iere salvate pe computerul dumneavoastr\u0103, pentru a ajuta ropatent.com s\u0103 analizeze modul \u00een care utilizatorii folosesc website-ul. Informa\u021biile oferite de aceste \u201dcookies\u201d despre modul \u00een care dumneavoastr\u0103 folosi\u021bi website-ul [&hellip;]\" \/>\n<meta property=\"og:url\" content=\"https:\/\/ropatent.com\/index.php\/ro\/politica-de-utilizare-a-cookies\/\" \/>\n<meta property=\"og:site_name\" content=\"Ropatent\" \/>\n<meta name=\"twitter:card\" content=\"summary\" \/>\n<meta name=\"twitter:label1\" content=\"Est. reading time\" \/>\n\t<meta name=\"twitter:data1\" content=\"1 minute\" \/>\n<script type=\"application\/ld+json\" class=\"yoast-schema-graph\">{\"@context\":\"https:\/\/schema.org\",\"@graph\":[{\"@type\":\"WebSite\",\"@id\":\"https:\/\/ropatent.com\/#website\",\"url\":\"https:\/\/ropatent.com\/\",\"name\":\"Ropatent\",\"description\":\"\",\"potentialAction\":[{\"@type\":\"SearchAction\",\"target\":{\"@type\":\"EntryPoint\",\"urlTemplate\":\"https:\/\/ropatent.com\/?s={search_term_string}\"},\"query-input\":\"required name=search_term_string\"}],\"inLanguage\":\"en-US\"},{\"@type\":\"WebPage\",\"@id\":\"https:\/\/ropatent.com\/index.php\/ro\/politica-de-utilizare-a-cookies\/#webpage\",\"url\":\"https:\/\/ropatent.com\/index.php\/ro\/politica-de-utilizare-a-cookies\/\",\"name\":\"Politica de utilizare a \\u201dCookies\\u201d - Ropatent\",\"isPartOf\":{\"@id\":\"https:\/\/ropatent.com\/#website\"},\"datePublished\":\"2016-05-22T09:30:35+00:00\",\"dateModified\":\"2016-05-22T09:30:35+00:00\",\"breadcrumb\":{\"@id\":\"https:\/\/ropatent.com\/index.php\/ro\/politica-de-utilizare-a-cookies\/#breadcrumb\"},\"inLanguage\":\"en-US\",\"potentialAction\":[{\"@type\":\"ReadAction\",\"target\":[\"https:\/\/ropatent.com\/index.php\/ro\/politica-de-utilizare-a-cookies\/\"]}]},{\"@type\":\"BreadcrumbList\",\"@id\":\"https:\/\/ropatent.com\/index.php\/ro\/politica-de-utilizare-a-cookies\/#breadcrumb\",\"itemListElement\":[{\"@type\":\"ListItem\",\"position\":1,\"name\":\"Home\",\"item\":\"https:\/\/ropatent.com\/index.php\/ro\/brevete-marci-desene-si-modele-industriale-drepturi-de-autor-strategie\/\"},{\"@type\":\"ListItem\",\"position\":2,\"name\":\"Politica de utilizare a \\u201dCookies\\u201d\"}]}]}<\/script>\n<!-- \/ Yoast SEO plugin. -->","yoast_head_json":{"title":"Politica de utilizare a \u201dCookies\u201d - Ropatent","robots":{"index":"index","follow":"follow","max-snippet":"max-snippet:-1","max-image-preview":"max-image-preview:large","max-video-preview":"max-video-preview:-1"},"canonical":"https:\/\/ropatent.com\/index.php\/ro\/politica-de-utilizare-a-cookies\/","og_locale":"en_US","og_type":"article","og_title":"Politica de utilizare a \u201dCookies\u201d - Ropatent","og_description":"Politica de utilizare a \u201dCookies\u201d Ropatent.com folose\u0219te Google Analytics, un serviciu de analiz\u0103 a datelor oferit de Google Inc. (\u201dGoogle\u201d). Acest serviciu folose\u0219te numitele \u201dcookies\u201d, adic\u0103 fi\u0219iere salvate pe computerul dumneavoastr\u0103, pentru a ajuta ropatent.com s\u0103 analizeze modul \u00een care utilizatorii folosesc website-ul. Informa\u021biile oferite de aceste \u201dcookies\u201d despre modul \u00een care dumneavoastr\u0103 folosi\u021bi website-ul [&hellip;]","og_url":"https:\/\/ropatent.com\/index.php\/ro\/politica-de-utilizare-a-cookies\/","og_site_name":"Ropatent","twitter_card":"summary","twitter_misc":{"Est. reading time":"1 minute"},"schema":{"@context":"https:\/\/schema.org","@graph":[{"@type":"WebSite","@id":"https:\/\/ropatent.com\/#website","url":"https:\/\/ropatent.com\/","name":"Ropatent","description":"","potentialAction":[{"@type":"SearchAction","target":{"@type":"EntryPoint","urlTemplate":"https:\/\/ropatent.com\/?s={search_term_string}"},"query-input":"required name=search_term_string"}],"inLanguage":"en-US"},{"@type":"WebPage","@id":"https:\/\/ropatent.com\/index.php\/ro\/politica-de-utilizare-a-cookies\/#webpage","url":"https:\/\/ropatent.com\/index.php\/ro\/politica-de-utilizare-a-cookies\/","name":"Politica de utilizare a \u201dCookies\u201d - Ropatent","isPartOf":{"@id":"https:\/\/ropatent.com\/#website"},"datePublished":"2016-05-22T09:30:35+00:00","dateModified":"2016-05-22T09:30:35+00:00","breadcrumb":{"@id":"https:\/\/ropatent.com\/index.php\/ro\/politica-de-utilizare-a-cookies\/#breadcrumb"},"inLanguage":"en-US","potentialAction":[{"@type":"ReadAction","target":["https:\/\/ropatent.com\/index.php\/ro\/politica-de-utilizare-a-cookies\/"]}]},{"@type":"BreadcrumbList","@id":"https:\/\/ropatent.com\/index.php\/ro\/politica-de-utilizare-a-cookies\/#breadcrumb","itemListElement":[{"@type":"ListItem","position":1,"name":"Home","item":"https:\/\/ropatent.com\/index.php\/ro\/brevete-marci-desene-si-modele-industriale-drepturi-de-autor-strategie\/"},{"@type":"ListItem","position":2,"name":"Politica de utilizare a \u201dCookies\u201d"}]}]}},"_links":{"self":[{"href":"https:\/\/ropatent.com\/index.php\/wp-json\/wp\/v2\/pages\/1652"}],"collection":[{"href":"https:\/\/ropatent.com\/index.php\/wp-json\/wp\/v2\/pages"}],"about":[{"href":"https:\/\/ropatent.com\/index.php\/wp-json\/wp\/v2\/types\/page"}],"author":[{"embeddable":true,"href":"https:\/\/ropatent.com\/index.php\/wp-json\/wp\/v2\/users\/1"}],"replies":[{"embeddable":true,"href":"https:\/\/ropatent.com\/index.php\/wp-json\/wp\/v2\/comments?post=1652"}],"version-history":[{"count":1,"href":"https:\/\/ropatent.com\/index.php\/wp-json\/wp\/v2\/pages\/1652\/revisions"}],"predecessor-version":[{"id":1653,"href":"https:\/\/ropatent.com\/index.php\/wp-json\/wp\/v2\/pages\/1652\/revisions\/1653"}],"wp:attachment":[{"href":"https:\/\/ropatent.com\/index.php\/wp-json\/wp\/v2\/media?parent=1652"}],"curies":[{"name":"wp","href":"https:\/\/api.w.org\/{rel}","templated":true}]}}