{"id":1646,"date":"2016-05-22T09:26:20","date_gmt":"2016-05-22T09:26:20","guid":{"rendered":"https:\/\/ropatent.com\/?page_id=1646"},"modified":"2016-05-22T09:29:32","modified_gmt":"2016-05-22T09:29:32","slug":"politica-de-confidentialitate","status":"publish","type":"page","link":"https:\/\/ropatent.com\/index.php\/ro\/politica-de-confidentialitate\/","title":{"rendered":"Politica de Confiden\u021bialitate"},"content":{"rendered":"<p style=\"text-align: justify;\"><strong>Politica de Confiden\u021bialitate<\/strong><\/p>\n<p style=\"text-align: justify;\"><strong>Acest website, ropatent.com (\u201cwebsite\u201d)<\/strong>, cu versiuni \u00een limba Rom\u00e2n\u0103 \u0219i Englez\u0103 este operat de c\u0103tre Cabinet Individual Claudiu Feraru. Prin prezenta ne angaja\u0103m s\u0103 respect\u0103m \u0219i s\u0103 protej\u0103m confiden\u021bialitatea datelor dumneavoastr\u0103.<\/p>\n<p style=\"text-align: justify;\">Aceast\u0103 Politic\u0103 de Confiden\u021bialitate este complementar\u0103 Termenilor \u0219i Condi\u021biilor \u0219i Politicii de folosire a \u201dCookies\u201d. Politica noastr\u0103 de confiden\u021bialitate precizeaz\u0103 modul \u00een care trat\u0103m informa\u021biile personale colectate prin vizita dumneavoastr\u0103 pe ropatent.ro \u0219i pe care ni le oferi\u021bi dumneavoastr\u0103.<\/p>\n<p style=\"text-align: justify;\"><strong>Ce informa\u021bii putem colecta din vizita dumneavoastr\u0103 pe acest website<\/strong><\/p>\n<p style=\"text-align: justify;\">Exist\u0103 mai multe c\u0103i prin care informa\u021biile dumneavoastr\u0103 pot fi colectate: prin folosirea de \u201dcookies\u201d \u0219i prin utilizarea de c\u0103tre dumneavoastr\u0103 a acestui website. \u00cen unele sec\u021biuni ale ropatent.com, cum ar fi formularul de contact, sunte\u021bi invitat s\u0103 ne oferi\u021bi numele, adresa de e-mail, telefonul \u0219i numele companiei dumneavoastr\u0103, precum \u0219i subiectele care v\u0103 intereseaz\u0103.<\/p>\n<p style=\"text-align: justify;\">\u00cen acest sens este posibil ca ropatent.com s\u0103 p\u0103streze aceste date oferite de dumneavoastr\u0103, precum \u0219i istoricul coresponden\u021belor anterioare \u00eentre dumneavoastr\u0103 \u0219i ropatent.com, detalii despre vizita dumneavoastr\u0103 pe acest website \u0219i resursele pe care le-a\u021bi accesat.<\/p>\n<p style=\"text-align: justify;\"><strong>Folosirea de c\u0103tre ropatent.com a informa\u021biilor personale colectate prin intermediul acestui website<\/strong><\/p>\n<p style=\"text-align: justify;\">Mai jos sunt enumerate modalit\u0103\u021bile \u00een care ropatent.ro poate folosi informa\u021biile dumneavoastr\u0103 personale colectate prin intermediul acestui website:<\/p>\n<ul style=\"text-align: justify;\">\n<li>Pentru a v\u0103 trimite informa\u021biile pe care ni le-a\u021bi solicitat;<\/li>\n<li>Pentru a asigura eficien\u021ba modului \u00een care acest website v\u0103 este prezentat;<\/li>\n<li>Pentru a v\u0103 trimite coresponden\u021b\u0103 electronica (e-mail-uri \u0219i newsletter) de promovare \u0219i informare asupra serviciilor \u0219i ofertelor Ropatent, dar numai \u00een cazul \u00een care v-a\u021bi \u00eenregistrat \u00een acest sens\u00a0; dac\u0103 dori\u021bi s\u0103 v\u0103 dezabona\u021bi de la coresponden\u021ba electronic\u0103, pute\u021bi face acest lucru trimi\u021b\u00e2ndu-ne o notificare prin e-mail cu precizarea acestei cerin\u021be.<\/li>\n<\/ul>\n<p style=\"text-align: justify;\">Atunci c\u00e2nd accesa\u021bi acest website, putem colecta, atunci c\u00e2nd sunt disponibile, \u0219i informa\u021bii despre computerul pe care \u00eel folosi\u021bi precum adresa IP, tipul de browser utilizat \u0219i sistemul de operare, \u00een scopuri de administrare a ropatent.com. Aceste informa\u021bii, \u00een general, nu permita identificarea individual\u0103 a utilizatorilor. Sunt folosite doar \u00een scop statistic \u00een leg\u0103tur\u0103 cu tiparele de navigare pe ropatent.com.<\/p>\n<p style=\"text-align: justify;\"><strong>Cum proces\u0103m datele dumneavoastr\u0103 \u00een offline<\/strong><\/p>\n<p style=\"text-align: justify;\"><strong>\u00a0<\/strong>\u00cen afar\u0103 de informa\u021biile pe care le colect\u0103m prin intermediul acestui website, putem s\u0103 ob\u021binem de la dumneavoastr\u0103 informa\u021bii personale \u0219i prin intermediul e-mailului, \u00een cazul \u00een care alege\u021bi s\u0103 ni le oeri\u021bi, r\u0103spunz\u00e2ndu-ne la e-mail-uri.<\/p>\n<p style=\"text-align: justify;\">Informa\u021bii personale putem ob\u021bine de la clien\u021bii Ropatent (despre ei \u00een\u0219i\u0219i, companiile lor sau la care lucreaz\u0103 sau despre alte personae), care ne sunt furnizate sub protec\u021bia confiden\u021bialit\u0103\u021bii pentru a le folosi \u00een scopul \u00eembun\u0103t\u0103\u021birii serviciilor Ropatent \u0219i pentru a v\u0103 oferi sprijin. Aceste informa\u021bii vor fi gestionate conform instruc\u021biunilor primite de la clien\u021bii no\u0219tri.<\/p>\n<p style=\"text-align: justify;\">Aceste informa\u021bii includ:<\/p>\n<ul style=\"text-align: justify;\">\n<li>Numele dumneavoastr\u0103, adresa de e-mail \u0219i alte date de contact;<\/li>\n<li>Istoric al coresponden\u021bei dumneavoastr\u0103 cu noi;<\/li>\n<li>Datele ale contului dumneavoastr\u0103 bancar \u0219i\/sau alte date de facturare; \u0219i\/sau<\/li>\n<li>Copii dup\u0103 pa\u0219aport\/carte de identitate, facturi de utilit\u0103\u021bi \u0219i\/sau alte informa\u021bii de identificare cerute pentru prevenirea \u0219i combaterea sp\u0103l\u0103rii de bani.<\/li>\n<\/ul>\n<p style=\"text-align: justify;\"><strong>\u00a0<\/strong><\/p>\n<p style=\"text-align: justify;\"><strong>Cum folosim informa\u021biile dumneavoastr\u0103 personale<\/strong><\/p>\n<p style=\"text-align: justify;\">Mai jos sunt enumerate modalit\u0103\u021bile \u00een care putem folosi datele dumneavoastr\u0103 colectate \u00een alt mod dec\u00e2t prin intermediul ropatent.ro:<\/p>\n<ul style=\"text-align: justify;\">\n<li>Pentru a v\u0103 oferi (dumneavoastr\u0103 sau companiei \u00een numele c\u0103reia ne contacta\u021bi) cu informa\u021biile juridice pe care ni le solicita\u021bi cu privire la protec\u021bia drepturilor de proprietate intelectual\u0103\u00a0;<\/li>\n<\/ul>\n<ul style=\"text-align: justify;\">\n<li>Pentru a v\u0103 emite facturi aferente serviciilor pe care vi le oferim (dumneavoastr\u0103 sau companiei \u00een numele c\u0103reia ne contacta\u021bi)\u00a0;<\/li>\n<\/ul>\n<ul style=\"text-align: justify;\">\n<li>Pentru a p\u0103stra un istoric al serviciilor pe care le-am prestat pentru dumneavoastr\u0103 sau pentru compania \u00een numele c\u0103reia ne-a\u021bi contractat;<\/li>\n<\/ul>\n<ul style=\"text-align: justify;\">\n<li>Pentru a v\u0103 trimite informa\u021bii electronice cu scop de promovare a serviciilor Ropatent, except\u00e2nd cazul \u00een care alege\u021bi s\u0103 nu primi\u021bi astfel de coresponden\u021b\u0103.<\/li>\n<\/ul>\n<p style=\"text-align: justify;\"><strong>Dezv\u0103luirea informa\u021biilor personale<\/strong><\/p>\n<p style=\"text-align: justify;\">Informa\u021biile dumneavoastr\u0103 personale nu vor fi dezv\u0103luite ter\u021bilor except\u00e2nd urm\u0103toarele situa\u021bii:<\/p>\n<ul style=\"text-align: justify;\">\n<li>A\u021bi consim\u021bit \u00een mode expres ca noi s\u0103 dezv\u0103luim informa\u021biile dumneavoastr\u0103 personale ter\u021bilor;<\/li>\n<li>Pentru a v\u0103 putea oferi (dumneavoastr\u0103 sau companiei \u00een numele c\u0103reia ne contacta\u021bi) informa\u021bii \u0219i sfaturi cu privire la protejarea drepturilor de proprietate intelectual\u0103, atunci c\u00e2nd implic\u0103 expertiz\u0103 din partea ter\u021bilor;<\/li>\n<li>Cazul \u00een care suntem obliga\u021bi prin lege, regulamente sau etic\u0103 profesional\u0103 (de exemplu pentru a ne \u00eendeplini \u00eendatorirea de combatere \u0219i prevenire a sp\u0103l\u0103rii de bani) sau pentru a aplica Termenii \u0219i condi\u021biile; de asemenea, \u0219i \u00een cazul \u00een care suntem nevoi\u021bi s\u0103 ap\u0103r\u0103m drepturile, proprietatea sau siguran\u021ba companiei noastre, a clien\u021bilor sau a ter\u021bilor;<\/li>\n<li>Cazul \u00een care compania noastr\u0103 sau toate activele comaniei fuzioneaz\u0103 sau sunt achizi\u021bionate de un ter\u021b; \u00een aceast\u0103 situa\u021bie informa\u021biile dumneavoastr\u0103 personale pot constitui parte a activelor transferate;<\/li>\n<li>Pentru a transmite informa\u021bii statistice anonime despre utilizatorii ropatent.com \u0219i alte date referitoare la utilizarea website-ului c\u0103tre ter\u021be p\u0103r\u021bi respectabile;<\/li>\n<li>Cazul \u00een care folosim un furnizor extern de servicii care implic\u0103 procesarea datelor.<\/li>\n<\/ul>\n<p style=\"text-align: justify;\"><strong>\u00a0<\/strong><\/p>\n<p style=\"text-align: justify;\"><strong>Unde stoc\u0103m informa\u021biile dumneavoastr\u0103 personale<\/strong><\/p>\n<p style=\"text-align: justify;\">Pentru a v\u0103 putea oferi serviciile noastre \u0219i acest website, orice informatie personal\u0103 pe care o colect\u0103m din partea dumneavoastr\u0103 poate fi transferat\u0103 \u0219i stocat\u0103 de c\u0103tre o ter\u021b\u0103 parte la o destina\u021bie \u00een interiorul sau exteriorul Zonei Economice Europene, inclusiv \u00een \u021b\u0103ri \u00een care legisla\u021bia asigur\u0103 o mai mica protectiv a informa\u021biilor personale. Prin folosirea \u00een continuare a serviciilor noastre sau a acestui website \u0219i prin oferirea de c\u0103tre dumneavoastr\u0103 a oric\u0103ror date personale, consim\u021bi\u021bi asemenea transferuri, stoc\u0103ri \u0219i proces\u0103ri a datelor dumneavoastr\u0103 personale. \u00cen cazul \u00een care contract\u0103m ter\u021bi pentru procesarea informa\u021biilor personale \u00een numele nostru, le solicit\u0103m prin contract s\u0103 aplice m\u0103suri de protejare a informa\u021biilor personale.<\/p>\n<p style=\"text-align: justify;\"><strong>Link-uri c\u0103tre website-uri ale ter\u021bilor<\/strong><\/p>\n<p style=\"text-align: justify;\">Ropatent.ro poate con\u021bine link-uri c\u0103tre website-uri ale ter\u021bilor. Dac\u0103 accesa\u021bi aceste link-uri, v\u0103 rug\u0103m s\u0103 luati la cuno\u0219tin\u021b\u0103 c\u0103 aceste ter\u021be website-uri func\u021bioneaz\u0103 dup\u0103 propriile politici de confiden\u021bialitate \u0219i nu ne asum\u0103m nici o r\u0103spundere sau obliga\u021bie pentru politicile practicate de ace\u0219ti ter\u021bi.<\/p>\n<p style=\"text-align: justify;\"><strong>Drepturile dumneavoastr\u0103<\/strong><\/p>\n<p style=\"text-align: justify;\">Ave\u021bi dreptul s\u0103 ne cere\u021bi s\u0103 nu v\u0103 proces\u0103m datele personale \u00een scopuri de promovare \u0219i informare printr-o notificare la adresa: office@ropatent.com<\/p>\n<p style=\"text-align: justify;\">V\u0103 rug\u0103m s\u0103 lua\u021bi la cuno\u0219tin\u021b\u0103 c\u0103, accept\u00e2nd s\u0103 continua\u021bi folosirea serviciilor noastre \u0219i a ropatent.com, precum \u0219i s\u0103 ne transmite\u021bi informa\u021biile dumneavoastr\u0103 offline, prin intermediul ropatent.com sau pe adresa de e-mail de pe acest website, sunte\u021bi de accord s\u0103 utiliz\u0103m datele dumneavoastr\u0103 personale dup\u0103 cum este indicat \u00een prezenta Politic\u0103 de Confiden\u021bialitate. V\u0103 rug\u0103m s\u0103 nu ne oferi\u021bi nici o informa\u021bie personal\u0103 dac\u0103 nu sunte\u021bi de accord ca aceasta s\u0103 fie folosit\u0103 \u00een modurile stipulate mai sus.<\/p>\n<p style=\"text-align: justify;\">Aceast\u0103 Politic\u0103 de Confiden\u021bialitate, Politica de utilizare a \u201dCookies\u201d \u0219i\/sau Termenii \u0219i Condi\u021biile pot fi modificate de c\u0103tre noi \u00een orice moment. V\u0103 rug\u0103m s\u0103 verifica\u021bi periodic aceste pagini pentru a lua la cuno\u0219tin\u021b\u0103 modific\u0103rile. Acestea au fost efectuate ultima dat\u0103 pe 20 mai 2016.<\/p>\n<p style=\"text-align: justify;\">Dac\u0103 ave\u021bi \u00eentreb\u0103ri sau ave\u021bi nevoie de informa\u021bii suplimentare despre politica noastr\u0103 de confiden\u021bialitate, sau dori\u021bi s\u0103 ne aduce\u021bi la cuno\u0219tin\u021b\u0103 modific\u0103ri ale datelor pe care ni le-a\u021bi furnizat, v\u0103 rug\u0103m s\u0103 ne contacta\u021bi la office@ropatent.com<\/p>\n","protected":false},"excerpt":{"rendered":"<p>Politica de Confiden\u021bialitate Acest website, ropatent.com (\u201cwebsite\u201d), cu versiuni \u00een limba Rom\u00e2n\u0103 \u0219i Englez\u0103 este operat de c\u0103tre Cabinet Individual Claudiu Feraru. Prin prezenta ne angaja\u0103m s\u0103 respect\u0103m \u0219i s\u0103 protej\u0103m confiden\u021bialitatea datelor dumneavoastr\u0103. Aceast\u0103 Politic\u0103 de Confiden\u021bialitate este complementar\u0103 Termenilor \u0219i Condi\u021biilor \u0219i Politicii de folosire a \u201dCookies\u201d. Politica noastr\u0103 de confiden\u021bialitate precizeaz\u0103 modul [&hellip;]<\/p>\n","protected":false},"author":1,"featured_media":0,"parent":0,"menu_order":0,"comment_status":"closed","ping_status":"closed","template":"","meta":[],"yoast_head":"<!-- This site is optimized with the Yoast SEO plugin v16.8 - https:\/\/yoast.com\/wordpress\/plugins\/seo\/ -->\n<title>Politica de Confiden\u021bialitate - Ropatent<\/title>\n<meta name=\"robots\" content=\"index, follow, max-snippet:-1, max-image-preview:large, max-video-preview:-1\" \/>\n<link rel=\"canonical\" href=\"https:\/\/ropatent.com\/index.php\/ro\/politica-de-confidentialitate\/\" \/>\n<meta property=\"og:locale\" content=\"en_US\" \/>\n<meta property=\"og:type\" content=\"article\" \/>\n<meta property=\"og:title\" content=\"Politica de Confiden\u021bialitate - Ropatent\" \/>\n<meta property=\"og:description\" content=\"Politica de Confiden\u021bialitate Acest website, ropatent.com (\u201cwebsite\u201d), cu versiuni \u00een limba Rom\u00e2n\u0103 \u0219i Englez\u0103 este operat de c\u0103tre Cabinet Individual Claudiu Feraru. Prin prezenta ne angaja\u0103m s\u0103 respect\u0103m \u0219i s\u0103 protej\u0103m confiden\u021bialitatea datelor dumneavoastr\u0103. Aceast\u0103 Politic\u0103 de Confiden\u021bialitate este complementar\u0103 Termenilor \u0219i Condi\u021biilor \u0219i Politicii de folosire a \u201dCookies\u201d. Politica noastr\u0103 de confiden\u021bialitate precizeaz\u0103 modul [&hellip;]\" \/>\n<meta property=\"og:url\" content=\"https:\/\/ropatent.com\/index.php\/ro\/politica-de-confidentialitate\/\" \/>\n<meta property=\"og:site_name\" content=\"Ropatent\" \/>\n<meta property=\"article:modified_time\" content=\"2016-05-22T09:29:32+00:00\" \/>\n<meta name=\"twitter:card\" content=\"summary\" \/>\n<meta name=\"twitter:label1\" content=\"Est. reading time\" \/>\n\t<meta name=\"twitter:data1\" content=\"7 minutes\" \/>\n<script type=\"application\/ld+json\" class=\"yoast-schema-graph\">{\"@context\":\"https:\/\/schema.org\",\"@graph\":[{\"@type\":\"WebSite\",\"@id\":\"https:\/\/ropatent.com\/#website\",\"url\":\"https:\/\/ropatent.com\/\",\"name\":\"Ropatent\",\"description\":\"\",\"potentialAction\":[{\"@type\":\"SearchAction\",\"target\":{\"@type\":\"EntryPoint\",\"urlTemplate\":\"https:\/\/ropatent.com\/?s={search_term_string}\"},\"query-input\":\"required name=search_term_string\"}],\"inLanguage\":\"en-US\"},{\"@type\":\"WebPage\",\"@id\":\"https:\/\/ropatent.com\/index.php\/ro\/politica-de-confidentialitate\/#webpage\",\"url\":\"https:\/\/ropatent.com\/index.php\/ro\/politica-de-confidentialitate\/\",\"name\":\"Politica de Confiden\\u021bialitate - Ropatent\",\"isPartOf\":{\"@id\":\"https:\/\/ropatent.com\/#website\"},\"datePublished\":\"2016-05-22T09:26:20+00:00\",\"dateModified\":\"2016-05-22T09:29:32+00:00\",\"breadcrumb\":{\"@id\":\"https:\/\/ropatent.com\/index.php\/ro\/politica-de-confidentialitate\/#breadcrumb\"},\"inLanguage\":\"en-US\",\"potentialAction\":[{\"@type\":\"ReadAction\",\"target\":[\"https:\/\/ropatent.com\/index.php\/ro\/politica-de-confidentialitate\/\"]}]},{\"@type\":\"BreadcrumbList\",\"@id\":\"https:\/\/ropatent.com\/index.php\/ro\/politica-de-confidentialitate\/#breadcrumb\",\"itemListElement\":[{\"@type\":\"ListItem\",\"position\":1,\"name\":\"Home\",\"item\":\"https:\/\/ropatent.com\/index.php\/ro\/brevete-marci-desene-si-modele-industriale-drepturi-de-autor-strategie\/\"},{\"@type\":\"ListItem\",\"position\":2,\"name\":\"Politica de Confiden\\u021bialitate\"}]}]}<\/script>\n<!-- \/ Yoast SEO plugin. -->","yoast_head_json":{"title":"Politica de Confiden\u021bialitate - Ropatent","robots":{"index":"index","follow":"follow","max-snippet":"max-snippet:-1","max-image-preview":"max-image-preview:large","max-video-preview":"max-video-preview:-1"},"canonical":"https:\/\/ropatent.com\/index.php\/ro\/politica-de-confidentialitate\/","og_locale":"en_US","og_type":"article","og_title":"Politica de Confiden\u021bialitate - Ropatent","og_description":"Politica de Confiden\u021bialitate Acest website, ropatent.com (\u201cwebsite\u201d), cu versiuni \u00een limba Rom\u00e2n\u0103 \u0219i Englez\u0103 este operat de c\u0103tre Cabinet Individual Claudiu Feraru. Prin prezenta ne angaja\u0103m s\u0103 respect\u0103m \u0219i s\u0103 protej\u0103m confiden\u021bialitatea datelor dumneavoastr\u0103. Aceast\u0103 Politic\u0103 de Confiden\u021bialitate este complementar\u0103 Termenilor \u0219i Condi\u021biilor \u0219i Politicii de folosire a \u201dCookies\u201d. Politica noastr\u0103 de confiden\u021bialitate precizeaz\u0103 modul [&hellip;]","og_url":"https:\/\/ropatent.com\/index.php\/ro\/politica-de-confidentialitate\/","og_site_name":"Ropatent","article_modified_time":"2016-05-22T09:29:32+00:00","twitter_card":"summary","twitter_misc":{"Est. reading time":"7 minutes"},"schema":{"@context":"https:\/\/schema.org","@graph":[{"@type":"WebSite","@id":"https:\/\/ropatent.com\/#website","url":"https:\/\/ropatent.com\/","name":"Ropatent","description":"","potentialAction":[{"@type":"SearchAction","target":{"@type":"EntryPoint","urlTemplate":"https:\/\/ropatent.com\/?s={search_term_string}"},"query-input":"required name=search_term_string"}],"inLanguage":"en-US"},{"@type":"WebPage","@id":"https:\/\/ropatent.com\/index.php\/ro\/politica-de-confidentialitate\/#webpage","url":"https:\/\/ropatent.com\/index.php\/ro\/politica-de-confidentialitate\/","name":"Politica de Confiden\u021bialitate - Ropatent","isPartOf":{"@id":"https:\/\/ropatent.com\/#website"},"datePublished":"2016-05-22T09:26:20+00:00","dateModified":"2016-05-22T09:29:32+00:00","breadcrumb":{"@id":"https:\/\/ropatent.com\/index.php\/ro\/politica-de-confidentialitate\/#breadcrumb"},"inLanguage":"en-US","potentialAction":[{"@type":"ReadAction","target":["https:\/\/ropatent.com\/index.php\/ro\/politica-de-confidentialitate\/"]}]},{"@type":"BreadcrumbList","@id":"https:\/\/ropatent.com\/index.php\/ro\/politica-de-confidentialitate\/#breadcrumb","itemListElement":[{"@type":"ListItem","position":1,"name":"Home","item":"https:\/\/ropatent.com\/index.php\/ro\/brevete-marci-desene-si-modele-industriale-drepturi-de-autor-strategie\/"},{"@type":"ListItem","position":2,"name":"Politica de Confiden\u021bialitate"}]}]}},"_links":{"self":[{"href":"https:\/\/ropatent.com\/index.php\/wp-json\/wp\/v2\/pages\/1646"}],"collection":[{"href":"https:\/\/ropatent.com\/index.php\/wp-json\/wp\/v2\/pages"}],"about":[{"href":"https:\/\/ropatent.com\/index.php\/wp-json\/wp\/v2\/types\/page"}],"author":[{"embeddable":true,"href":"https:\/\/ropatent.com\/index.php\/wp-json\/wp\/v2\/users\/1"}],"replies":[{"embeddable":true,"href":"https:\/\/ropatent.com\/index.php\/wp-json\/wp\/v2\/comments?post=1646"}],"version-history":[{"count":1,"href":"https:\/\/ropatent.com\/index.php\/wp-json\/wp\/v2\/pages\/1646\/revisions"}],"predecessor-version":[{"id":1647,"href":"https:\/\/ropatent.com\/index.php\/wp-json\/wp\/v2\/pages\/1646\/revisions\/1647"}],"wp:attachment":[{"href":"https:\/\/ropatent.com\/index.php\/wp-json\/wp\/v2\/media?parent=1646"}],"curies":[{"name":"wp","href":"https:\/\/api.w.org\/{rel}","templated":true}]}}