{"id":1476,"date":"2016-04-15T12:27:46","date_gmt":"2016-04-15T12:27:46","guid":{"rendered":"https:\/\/ropatent.com\/?page_id=1476"},"modified":"2016-11-10T18:19:41","modified_gmt":"2016-11-10T18:19:41","slug":"stiri-noutati-brevete-marci-desene-modele-industriale-drepturi-autor-strategie","status":"publish","type":"page","link":"https:\/\/ropatent.com\/index.php\/ro\/stiri-noutati-brevete-marci-desene-modele-industriale-drepturi-autor-strategie\/","title":{"rendered":"NOUTATI"},"content":{"rendered":"<div class=\"row\">\n<div class=\"large-12 columns\"><div id=\"rock-tabs-1\" class=\"row rock-tabs-container row tab-top \"><div class=\"rock-tabs-header-container large-12 columns\">\r\n\t\t\t\t<li class=\"rock-tab-header active\" tab-ref=\"rock-tabs-1\" content-ref=\"content-0\"> EVENIMENTE<\/li>\r\n\t\t\t\r\n\t\t\t\t<li class=\"rock-tab-header\" tab-ref=\"rock-tabs-1\" content-ref=\"content-1\"> STIRI<\/li>\r\n\t\t\t\r\n\t\t\t\t<li class=\"rock-tab-header\" tab-ref=\"rock-tabs-1\" content-ref=\"content-2\"> ARTICOLE<\/li>\r\n\t\t\t<\/div><div class=\"rock-tabs-content-container large-12 columns\"><div class=\"tabs-motion-container\">\r\n\t\t\t\t<div class=\"content-0 tabs-motion-content padding active\"><ul class=\"display-posts-listing\"><li class=\"listing-item\"><a class=\"title\" href=\"https:\/\/ropatent.com\/index.php\/ro\/2016\/10\/27\/conferinta-internationala-bienala-editia-xi-simpozion-contrafacerea-si-pirateria-domeniul-proprietatii-intelectuale-28-29-octombrie-2016-timisoara\/\">Lucrarea \u201cAspecte privind noutatea  si activitatea inventiva\u201d va fi prezentata la Conferinta internationala bienala, Editia a XI-a  28-29 octombrie 2016,  Timisoara<\/a> <span class=\"date\">27\/Oct\/2016<\/span> <span class=\"excerpt-dash\">-<\/span> <span class=\"excerpt\">\u00cen cadrul Conferin\u021bei interna\u021bionale bienale, Edi\u021bia a XI-a, domnul Claudiu Feraru, avocat \u0219i consilier \u00een proprietate industriala, va prezenta lucrarea\u00a0\u201cAspecte privind noutatea \u0219i activitatea inventiva\u201d,\u00a0care trateaz\u0103 interpret\u0103ri noi ale brevetabilita\u021bii unei inven\u021bii. 28-29 octombrie 2016,\u00a0 Timisoara <a class=\"excerpt-more\" href=\"https:\/\/ropatent.com\/index.php\/ro\/2016\/10\/27\/conferinta-internationala-bienala-editia-xi-simpozion-contrafacerea-si-pirateria-domeniul-proprietatii-intelectuale-28-29-octombrie-2016-timisoara\/\">Citeste mai mult<\/a><\/span><\/li><li class=\"listing-item\"><a class=\"title\" href=\"https:\/\/ropatent.com\/index.php\/ro\/2016\/07\/14\/ropatent-la-inventica-2016-despre-inventii-brevete-idei-si-oportunitati\/\">Ropatent la \u201eINVENTICA &#8211; 2016\u201d &#8211; despre inven\u021bii, brevete, idei \u0219i oportunit\u0103\u021bi<\/a> <span class=\"date\">14\/Jul\/2016<\/span> <span class=\"excerpt-dash\">-<\/span> <span class=\"excerpt\">La sf\u00e2r\u0219itul lunii iunie Claudiu Feraru, fondator al Ropatent, a primit invita\u021bia de a participa, la Ia\u0219i, la un dublu eveniment interna\u021bional: Salonul Interna\u0163ional al Inven\u021biilor, Cercet\u0103rii, Inov\u0103rii \u015fi Transferului Tehnologic \u0219i conferin\u021ba interna\u021bional\u0103 Inventica. Cu at\u00e2t mai mare a&hellip; <a class=\"excerpt-more\" href=\"https:\/\/ropatent.com\/index.php\/ro\/2016\/07\/14\/ropatent-la-inventica-2016-despre-inventii-brevete-idei-si-oportunitati\/\">Citeste mai mult<\/a><\/span><\/li><li class=\"listing-item\"><a class=\"title\" href=\"https:\/\/ropatent.com\/index.php\/ro\/2016\/06\/28\/inventica\/\">INVENTICA<\/a> <span class=\"date\">28\/Jun\/2016<\/span> <span class=\"excerpt-dash\">-<\/span> <span class=\"excerpt\">\u00cen intervalul 29 iunie - 1 iulie 2016, dl. Claudiu Feraru va participa in calitate de lector la cea de-a XX-a edi\u0163ie a Salonului Interna\u0163ional al Cercet\u0103rii, Inov\u0103rii \u015fi Transferului Tehnologic \" INVENTICA \". &nbsp; <a class=\"excerpt-more\" href=\"https:\/\/ropatent.com\/index.php\/ro\/2016\/06\/28\/inventica\/\">Citeste mai mult<\/a><\/span><\/li><li class=\"listing-item\"><a class=\"title\" href=\"https:\/\/ropatent.com\/index.php\/ro\/2016\/06\/14\/evenimente-2016\/\">Evenimente 2016<\/a> <span class=\"date\">14\/Jun\/2016<\/span> <span class=\"excerpt-dash\">-<\/span> <span class=\"excerpt\">Pentru 2016, echipa RoPatent pregateste derularea unuor workshop-uri si seminarii despre rolul proprietatii intelectuale in universitati si in dezvoltarea afacerilor. Revenim cu detalii. Daca sunteti interesat\/a de detalii, puteti sa ne contactati pe adresa de email office@ropatent.com <a class=\"excerpt-more\" href=\"https:\/\/ropatent.com\/index.php\/ro\/2016\/06\/14\/evenimente-2016\/\">Citeste mai mult<\/a><\/span><\/li><\/ul><\/p>\n<p><\/div>\r\n\t\t\t\r\n\t\t\t\t<div class=\"content-1 tabs-motion-content padding hide\"><ul class=\"display-posts-listing\"><li class=\"listing-item\"><a class=\"title\" href=\"https:\/\/ropatent.com\/index.php\/ro\/2017\/02\/01\/c-c-j-consilierul-proprietate-industriala-reprezentarea-persoanelor-juridice-fata-instantelor-de-judecata-este-conditionata-si-de-calitatea-de-consilier-juridic\/\">I.C.C.J.: Consilierul in proprietate industriala. Reprezentarea persoanelor juridice in fata instantelor de judecata este conditionata si de calitatea de consilier juridic.<\/a> <span class=\"date\">01\/Feb\/2017<\/span> <span class=\"excerpt-dash\">-<\/span> <span class=\"excerpt\">Completul pentru dezlegarea unor chestiuni de drept \u00een materie civil\u0103 al Inaltei Curtei de Casatie si Justitie, in \u015fedin\u0163a din 30 ianuarie 2017, a pus capat interpretarilor date de-a lungul timpului de consilierii in proprietate industriala si aplicarii de catre&hellip; <a class=\"excerpt-more\" href=\"https:\/\/ropatent.com\/index.php\/ro\/2017\/02\/01\/c-c-j-consilierul-proprietate-industriala-reprezentarea-persoanelor-juridice-fata-instantelor-de-judecata-este-conditionata-si-de-calitatea-de-consilier-juridic\/\">Citeste mai mult<\/a><\/span><\/li><li class=\"listing-item\"><a class=\"title\" href=\"https:\/\/ropatent.com\/index.php\/ro\/2016\/06\/28\/inventica\/\">INVENTICA<\/a> <span class=\"date\">28\/Jun\/2016<\/span> <span class=\"excerpt-dash\">-<\/span> <span class=\"excerpt\">\u00cen intervalul 29 iunie - 1 iulie 2016, dl. Claudiu Feraru va participa in calitate de lector la cea de-a XX-a edi\u0163ie a Salonului Interna\u0163ional al Cercet\u0103rii, Inov\u0103rii \u015fi Transferului Tehnologic \" INVENTICA \". &nbsp; <a class=\"excerpt-more\" href=\"https:\/\/ropatent.com\/index.php\/ro\/2016\/06\/28\/inventica\/\">Citeste mai mult<\/a><\/span><\/li><li class=\"listing-item\"><a class=\"title\" href=\"https:\/\/ropatent.com\/index.php\/ro\/2016\/06\/01\/cjue-a-decis-un-organism-aflat-in-imposibilitatea-de-a-evolua-intr-o-fiinta-umana-nu-este-un-embrion-uman\/\">CJUE a decis. Un organism aflat \u00een imposibilitatea de a evolua \u00eentr-o fiin\u021b\u0103 uman\u0103, nu este un embrion uman.<\/a> <span class=\"date\">01\/Jun\/2016<\/span> <span class=\"excerpt-dash\">-<\/span> <span class=\"excerpt\">Curtea de Justi\u021bie a Uniunii Europene a lansat pe Joi, 18 decembrie 2014,\u00a0Hot\u0103r\u00e2rea \u00een cazul C-364\/13. Un organism aflat \u00een imposibilitatea de a evolua \u00eentr-o fiin\u021b\u0103 uman\u0103, nu este un embrion uman \u00een sensul Directivei privind protec\u021bia juridic\u0103 a inven\u021biilor&hellip; <a class=\"excerpt-more\" href=\"https:\/\/ropatent.com\/index.php\/ro\/2016\/06\/01\/cjue-a-decis-un-organism-aflat-in-imposibilitatea-de-a-evolua-intr-o-fiinta-umana-nu-este-un-embrion-uman\/\">Citeste mai mult<\/a><\/span><\/li><li class=\"listing-item\"><a class=\"title\" href=\"https:\/\/ropatent.com\/index.php\/ro\/2016\/06\/01\/noi-oferte-ttip-pe-proprietate-intelectuala-intre-europa-si-statele-unite-ale-americii\/\">Noi oferte TTIP pe Proprietate Intelectual\u0103 \u00eentre Europa \u0219i Statele Unite ale Americii.<\/a> <span class=\"date\">01\/Jun\/2016<\/span> <span class=\"excerpt-dash\">-<\/span> <span class=\"excerpt\">Europa a lansat online saptamana trecuta primele documente TTIP, c\u00e2te dou\u0103 pagini pentru fiecare dintre cele 23 de capitole.\u00a0Pentru capitolul referitor la proprietatea intelectual\u0103, niciun text de negociat nu a fost \u00eenc\u0103 postat. Europa inten\u021bioneaz\u0103 s\u0103 aduc\u0103 \u00een discu\u021bie \u00een&hellip; <a class=\"excerpt-more\" href=\"https:\/\/ropatent.com\/index.php\/ro\/2016\/06\/01\/noi-oferte-ttip-pe-proprietate-intelectuala-intre-europa-si-statele-unite-ale-americii\/\">Citeste mai mult<\/a><\/span><\/li><li class=\"listing-item\"><a class=\"title\" href=\"https:\/\/ropatent.com\/index.php\/ro\/2016\/02\/21\/pietele-internationale-mai-accesibile-pentru-producatorii-romani-in-urma-unui-nou-tratat-si-privind-indicatia-geografica-si-denumirea-de-origine\/\">Pie\u021bele interna\u021bionale<\/a> <span class=\"date\">21\/Feb\/2016<\/span> <span class=\"excerpt-dash\">-<\/span> <span class=\"excerpt\">Pie\u021bele interna\u021bionale - mai accesibile pentru produc\u0103torii rom\u00e2ni \u00een urma unui nou Tratat \u0219i privind Indica\u021bia Geografic\u0103 \u0219i Denumirea de origine Indica\u0163iile geografice \u015fi denumirile de origine rom\u00e2ne\u015fti protejate \u00een Rom\u00e2nia beneficiaz\u0103 de protec\u021bie la nivel interna\u021bional \u00een urma semn\u0103rii,&hellip; <a class=\"excerpt-more\" href=\"https:\/\/ropatent.com\/index.php\/ro\/2016\/02\/21\/pietele-internationale-mai-accesibile-pentru-producatorii-romani-in-urma-unui-nou-tratat-si-privind-indicatia-geografica-si-denumirea-de-origine\/\">Citeste mai mult<\/a><\/span><\/li><\/ul><\/p>\n<p><\/div>\r\n\t\t\t\r\n\t\t\t\t<div class=\"content-2 tabs-motion-content padding hide\"><ul class=\"display-posts-listing\"><li class=\"listing-item\"><a class=\"title\" href=\"https:\/\/ropatent.com\/index.php\/ro\/2016\/11\/04\/wipo-madrid-yearly-review-inregistrarea-internationala-marcilor\/\">WIPO: The Madrid Yearly Review. Inregistrarea internationala a marcilor<\/a> <span class=\"date\">04\/Nov\/2016<\/span> <span class=\"excerpt-dash\">-<\/span> <span class=\"excerpt\">WIPO a publicat \u2013 1 noiembrie 2016- Revista anuala Madrid 2016, care contine o\u00a0 analiza completa a inregistrarii internationale a marcilor. Potrivit datelor si cifrelor furnizate de WIPO, numarul cererilor internationale de marca depuse prin Sistemul Madrid in anul 2015&hellip; <a class=\"excerpt-more\" href=\"https:\/\/ropatent.com\/index.php\/ro\/2016\/11\/04\/wipo-madrid-yearly-review-inregistrarea-internationala-marcilor\/\">Citeste mai mult<\/a><\/span><\/li><li class=\"listing-item\"><a class=\"title\" href=\"https:\/\/ropatent.com\/index.php\/ro\/2016\/07\/14\/ropatent-la-inventica-2016-despre-inventii-brevete-idei-si-oportunitati\/\">Ropatent la \u201eINVENTICA &#8211; 2016\u201d &#8211; despre inven\u021bii, brevete, idei \u0219i oportunit\u0103\u021bi<\/a> <span class=\"date\">14\/Jul\/2016<\/span> <span class=\"excerpt-dash\">-<\/span> <span class=\"excerpt\">La sf\u00e2r\u0219itul lunii iunie Claudiu Feraru, fondator al Ropatent, a primit invita\u021bia de a participa, la Ia\u0219i, la un dublu eveniment interna\u021bional: Salonul Interna\u0163ional al Inven\u021biilor, Cercet\u0103rii, Inov\u0103rii \u015fi Transferului Tehnologic \u0219i conferin\u021ba interna\u021bional\u0103 Inventica. Cu at\u00e2t mai mare a&hellip; <a class=\"excerpt-more\" href=\"https:\/\/ropatent.com\/index.php\/ro\/2016\/07\/14\/ropatent-la-inventica-2016-despre-inventii-brevete-idei-si-oportunitati\/\">Citeste mai mult<\/a><\/span><\/li><li class=\"listing-item\"><a class=\"title\" href=\"https:\/\/ropatent.com\/index.php\/ro\/2016\/02\/21\/proprietatea-intelectuala-ce-este-de-fapt\/\">Proprietatea intelectual\u0103<\/a> <span class=\"date\">21\/Feb\/2016<\/span> <span class=\"excerpt-dash\">-<\/span> <span class=\"excerpt\">Proprietatea intelectual\u0103 \u2013 ce este, de fapt? Proprietatea intelectual\u0103 este un termen tot mai des folosit \u00een prezent \u0219i luat tot mai mult \u00een serios de companii, indiferent de m\u0103rime, atunci c\u00e2nd \u00ee\u0219i construiesc strategia de dezvoltare. De ce? Pentru&hellip; <a class=\"excerpt-more\" href=\"https:\/\/ropatent.com\/index.php\/ro\/2016\/02\/21\/proprietatea-intelectuala-ce-este-de-fapt\/\">Citeste mai mult<\/a><\/span><\/li><li class=\"listing-item\"><a class=\"title\" href=\"https:\/\/ropatent.com\/index.php\/ro\/2016\/02\/21\/budweiser-marca-inregistrata-si-indicatie-geografica-disputata-de-peste-100-de-ani-in-peste-100-de-procese-internationale\/\">Budweiser: Marc\u0103 \u00eenregistrat\u0103<\/a> <span class=\"date\">21\/Feb\/2016<\/span> <span class=\"excerpt-dash\">-<\/span> <span class=\"excerpt\">Budweiser \u2013 marc\u0103 \u00eenregistrat\u0103 \u0219i Indica\u021bie Geografic\u0103 disputat\u0103 de peste 100 de ani \u00een peste 100 de procese interna\u021bionale Budweiser este o cunoscut\u0103 marc\u0103 de bere ceheasc\u0103. De\u0219i berea (re\u021beta) este de origine ceh\u0103, produsul \u00een sine este realizat \u0219i&hellip; <a class=\"excerpt-more\" href=\"https:\/\/ropatent.com\/index.php\/ro\/2016\/02\/21\/budweiser-marca-inregistrata-si-indicatie-geografica-disputata-de-peste-100-de-ani-in-peste-100-de-procese-internationale\/\">Citeste mai mult<\/a><\/span><\/li><\/ul><\/p>\n<p><\/div>\r\n\t\t\t<\/div><\/div><\/div>\r\n\t\t<script type=\"text\/javascript\">\r\n\t\t\tjQuery(document).ready(function(){\r\n\t\t\t\tjQuery(document).on(\"click\", \"#rock-tabs-1 .rock-tab-header\", function(e){\r\n\t\t\t\t\tvar ref = \"#\"+jQuery(this).attr(\"tab-ref\")+\" .\"+jQuery(this).attr(\"content-ref\");\r\n\t\t\t\t\tvar tabRef = jQuery(this).attr(\"tab-ref\");\r\n\t\t\t\t\t\r\n\t\t\t\t\t\/\/Remove old active element's active class and hide it's content\r\n\t\t\t\t\tjQuery(\"#\"+tabRef+\" .tabs-motion-content.active\").css(\"display\",\"none\").removeClass(\"active\");\r\n\t\t\t\t\tjQuery(\"#\"+tabRef+\" .rock-tab-header.active\").removeClass(\"active\");\r\n\t\t\t\t\t\r\n\t\t\t\t\t\/\/Add new \r\n\t\t\t\t\tjQuery(this).addClass(\"active\");\r\n\t\t\t\t\tjQuery(ref).css({\"opacity\":\"0.1\", \"display\":\"block\"}).addClass(\"active\");\r\n\t\t\t\t\tjQuery(ref).stop(true,true).animate({\"opacity\":\"1\"},280);\r\n\t\t\t\t\t\r\n\t\t\r\n\t\t\t\t});\r\n\t\t\t});\r\n\t\t<\/script>\r\n\t\t<\/p><\/div>\n<\/div>\n","protected":false},"excerpt":{"rendered":"","protected":false},"author":1,"featured_media":0,"parent":0,"menu_order":0,"comment_status":"closed","ping_status":"closed","template":"","meta":[],"yoast_head":"<!-- This site is optimized with the Yoast SEO plugin v16.8 - https:\/\/yoast.com\/wordpress\/plugins\/seo\/ -->\n<title>Nout\u0103\u021bi si evenimente: Brevete, m\u0103rci, desene \u0219i modele industriale, drepturi de autor<\/title>\n<meta name=\"description\" content=\"Aici g\u0103se\u0219ti toate \u0219tirile importante, evenimente, articole din domeniile: brevete, m\u0103rci, desene \u0219i modele industriale, drepturi de autor si strategie.\" \/>\n<meta name=\"robots\" content=\"index, follow, max-snippet:-1, max-image-preview:large, max-video-preview:-1\" \/>\n<link rel=\"canonical\" href=\"https:\/\/ropatent.com\/index.php\/ro\/stiri-noutati-brevete-marci-desene-modele-industriale-drepturi-autor-strategie\/\" \/>\n<meta property=\"og:locale\" content=\"en_US\" \/>\n<meta property=\"og:type\" content=\"article\" \/>\n<meta property=\"og:title\" content=\"Nout\u0103\u021bi si evenimente: Brevete, m\u0103rci, desene \u0219i modele industriale, drepturi de autor\" \/>\n<meta property=\"og:description\" content=\"Aici g\u0103se\u0219ti toate \u0219tirile importante, evenimente, articole din domeniile: brevete, m\u0103rci, desene \u0219i modele industriale, drepturi de autor si strategie.\" \/>\n<meta property=\"og:url\" content=\"https:\/\/ropatent.com\/index.php\/ro\/stiri-noutati-brevete-marci-desene-modele-industriale-drepturi-autor-strategie\/\" \/>\n<meta property=\"og:site_name\" content=\"Ropatent\" \/>\n<meta property=\"article:modified_time\" content=\"2016-11-10T18:19:41+00:00\" \/>\n<meta name=\"twitter:card\" content=\"summary\" \/>\n<meta name=\"twitter:label1\" content=\"Est. reading time\" \/>\n\t<meta name=\"twitter:data1\" content=\"1 minute\" \/>\n<script type=\"application\/ld+json\" class=\"yoast-schema-graph\">{\"@context\":\"https:\/\/schema.org\",\"@graph\":[{\"@type\":\"WebSite\",\"@id\":\"https:\/\/ropatent.com\/#website\",\"url\":\"https:\/\/ropatent.com\/\",\"name\":\"Ropatent\",\"description\":\"\",\"potentialAction\":[{\"@type\":\"SearchAction\",\"target\":{\"@type\":\"EntryPoint\",\"urlTemplate\":\"https:\/\/ropatent.com\/?s={search_term_string}\"},\"query-input\":\"required name=search_term_string\"}],\"inLanguage\":\"en-US\"},{\"@type\":\"WebPage\",\"@id\":\"https:\/\/ropatent.com\/index.php\/ro\/stiri-noutati-brevete-marci-desene-modele-industriale-drepturi-autor-strategie\/#webpage\",\"url\":\"https:\/\/ropatent.com\/index.php\/ro\/stiri-noutati-brevete-marci-desene-modele-industriale-drepturi-autor-strategie\/\",\"name\":\"Nout\\u0103\\u021bi si evenimente: Brevete, m\\u0103rci, desene \\u0219i modele industriale, drepturi de autor\",\"isPartOf\":{\"@id\":\"https:\/\/ropatent.com\/#website\"},\"datePublished\":\"2016-04-15T12:27:46+00:00\",\"dateModified\":\"2016-11-10T18:19:41+00:00\",\"description\":\"Aici g\\u0103se\\u0219ti toate \\u0219tirile importante, evenimente, articole din domeniile: brevete, m\\u0103rci, desene \\u0219i modele industriale, drepturi de autor si strategie.\",\"breadcrumb\":{\"@id\":\"https:\/\/ropatent.com\/index.php\/ro\/stiri-noutati-brevete-marci-desene-modele-industriale-drepturi-autor-strategie\/#breadcrumb\"},\"inLanguage\":\"en-US\",\"potentialAction\":[{\"@type\":\"ReadAction\",\"target\":[\"https:\/\/ropatent.com\/index.php\/ro\/stiri-noutati-brevete-marci-desene-modele-industriale-drepturi-autor-strategie\/\"]}]},{\"@type\":\"BreadcrumbList\",\"@id\":\"https:\/\/ropatent.com\/index.php\/ro\/stiri-noutati-brevete-marci-desene-modele-industriale-drepturi-autor-strategie\/#breadcrumb\",\"itemListElement\":[{\"@type\":\"ListItem\",\"position\":1,\"name\":\"Home\",\"item\":\"https:\/\/ropatent.com\/index.php\/ro\/brevete-marci-desene-si-modele-industriale-drepturi-de-autor-strategie\/\"},{\"@type\":\"ListItem\",\"position\":2,\"name\":\"NOUTATI\"}]}]}<\/script>\n<!-- \/ Yoast SEO plugin. -->","yoast_head_json":{"title":"Nout\u0103\u021bi si evenimente: Brevete, m\u0103rci, desene \u0219i modele industriale, drepturi de autor","description":"Aici g\u0103se\u0219ti toate \u0219tirile importante, evenimente, articole din domeniile: brevete, m\u0103rci, desene \u0219i modele industriale, drepturi de autor si strategie.","robots":{"index":"index","follow":"follow","max-snippet":"max-snippet:-1","max-image-preview":"max-image-preview:large","max-video-preview":"max-video-preview:-1"},"canonical":"https:\/\/ropatent.com\/index.php\/ro\/stiri-noutati-brevete-marci-desene-modele-industriale-drepturi-autor-strategie\/","og_locale":"en_US","og_type":"article","og_title":"Nout\u0103\u021bi si evenimente: Brevete, m\u0103rci, desene \u0219i modele industriale, drepturi de autor","og_description":"Aici g\u0103se\u0219ti toate \u0219tirile importante, evenimente, articole din domeniile: brevete, m\u0103rci, desene \u0219i modele industriale, drepturi de autor si strategie.","og_url":"https:\/\/ropatent.com\/index.php\/ro\/stiri-noutati-brevete-marci-desene-modele-industriale-drepturi-autor-strategie\/","og_site_name":"Ropatent","article_modified_time":"2016-11-10T18:19:41+00:00","twitter_card":"summary","twitter_misc":{"Est. reading time":"1 minute"},"schema":{"@context":"https:\/\/schema.org","@graph":[{"@type":"WebSite","@id":"https:\/\/ropatent.com\/#website","url":"https:\/\/ropatent.com\/","name":"Ropatent","description":"","potentialAction":[{"@type":"SearchAction","target":{"@type":"EntryPoint","urlTemplate":"https:\/\/ropatent.com\/?s={search_term_string}"},"query-input":"required name=search_term_string"}],"inLanguage":"en-US"},{"@type":"WebPage","@id":"https:\/\/ropatent.com\/index.php\/ro\/stiri-noutati-brevete-marci-desene-modele-industriale-drepturi-autor-strategie\/#webpage","url":"https:\/\/ropatent.com\/index.php\/ro\/stiri-noutati-brevete-marci-desene-modele-industriale-drepturi-autor-strategie\/","name":"Nout\u0103\u021bi si evenimente: Brevete, m\u0103rci, desene \u0219i modele industriale, drepturi de autor","isPartOf":{"@id":"https:\/\/ropatent.com\/#website"},"datePublished":"2016-04-15T12:27:46+00:00","dateModified":"2016-11-10T18:19:41+00:00","description":"Aici g\u0103se\u0219ti toate \u0219tirile importante, evenimente, articole din domeniile: brevete, m\u0103rci, desene \u0219i modele industriale, drepturi de autor si strategie.","breadcrumb":{"@id":"https:\/\/ropatent.com\/index.php\/ro\/stiri-noutati-brevete-marci-desene-modele-industriale-drepturi-autor-strategie\/#breadcrumb"},"inLanguage":"en-US","potentialAction":[{"@type":"ReadAction","target":["https:\/\/ropatent.com\/index.php\/ro\/stiri-noutati-brevete-marci-desene-modele-industriale-drepturi-autor-strategie\/"]}]},{"@type":"BreadcrumbList","@id":"https:\/\/ropatent.com\/index.php\/ro\/stiri-noutati-brevete-marci-desene-modele-industriale-drepturi-autor-strategie\/#breadcrumb","itemListElement":[{"@type":"ListItem","position":1,"name":"Home","item":"https:\/\/ropatent.com\/index.php\/ro\/brevete-marci-desene-si-modele-industriale-drepturi-de-autor-strategie\/"},{"@type":"ListItem","position":2,"name":"NOUTATI"}]}]}},"_links":{"self":[{"href":"https:\/\/ropatent.com\/index.php\/wp-json\/wp\/v2\/pages\/1476"}],"collection":[{"href":"https:\/\/ropatent.com\/index.php\/wp-json\/wp\/v2\/pages"}],"about":[{"href":"https:\/\/ropatent.com\/index.php\/wp-json\/wp\/v2\/types\/page"}],"author":[{"embeddable":true,"href":"https:\/\/ropatent.com\/index.php\/wp-json\/wp\/v2\/users\/1"}],"replies":[{"embeddable":true,"href":"https:\/\/ropatent.com\/index.php\/wp-json\/wp\/v2\/comments?post=1476"}],"version-history":[{"count":4,"href":"https:\/\/ropatent.com\/index.php\/wp-json\/wp\/v2\/pages\/1476\/revisions"}],"predecessor-version":[{"id":1781,"href":"https:\/\/ropatent.com\/index.php\/wp-json\/wp\/v2\/pages\/1476\/revisions\/1781"}],"wp:attachment":[{"href":"https:\/\/ropatent.com\/index.php\/wp-json\/wp\/v2\/media?parent=1476"}],"curies":[{"name":"wp","href":"https:\/\/api.w.org\/{rel}","templated":true}]}}