{"id":1088,"date":"2016-02-21T13:19:38","date_gmt":"2016-02-21T13:19:38","guid":{"rendered":"https:\/\/ropatent.com\/?page_id=1088"},"modified":"2016-11-10T18:51:14","modified_gmt":"2016-11-10T18:51:14","slug":"intrebari-frecvente-brevete-marci-desene-si-modele-industriale-drepturi-de-autor","status":"publish","type":"page","link":"https:\/\/ropatent.com\/index.php\/ro\/intrebari-frecvente-brevete-marci-desene-si-modele-industriale-drepturi-de-autor\/","title":{"rendered":"\u00centreb\u0103ri frecvente"},"content":{"rendered":"","protected":false},"excerpt":{"rendered":"","protected":false},"author":1,"featured_media":0,"parent":0,"menu_order":0,"comment_status":"closed","ping_status":"closed","template":"","meta":[],"yoast_head":"<!-- This site is optimized with the Yoast SEO plugin v16.8 - https:\/\/yoast.com\/wordpress\/plugins\/seo\/ -->\n<title>\u00centreb\u0103ri frecvente: brevete, m\u0103rci, desene \u0219i modele industriale, drepturi de autor.<\/title>\n<meta name=\"description\" content=\"Ce este o marc\u0103? Ce este o marc\u0103 european\u0103? Ce este un brevet de inven\u021bie? Ce reprezint\u0103 dreptul de autor? Care este durata dreptului de autor? Cine de\u021bine dreptul de proprietate intelectual\u0103?\" \/>\n<meta name=\"robots\" content=\"index, follow, max-snippet:-1, max-image-preview:large, max-video-preview:-1\" \/>\n<link rel=\"canonical\" href=\"https:\/\/ropatent.com\/index.php\/ro\/intrebari-frecvente-brevete-marci-desene-si-modele-industriale-drepturi-de-autor\/\" \/>\n<meta property=\"og:locale\" content=\"en_US\" \/>\n<meta property=\"og:type\" content=\"article\" \/>\n<meta property=\"og:title\" content=\"\u00centreb\u0103ri frecvente: brevete, m\u0103rci, desene \u0219i modele industriale, drepturi de autor.\" \/>\n<meta property=\"og:description\" content=\"Ce este o marc\u0103? Ce este o marc\u0103 european\u0103? Ce este un brevet de inven\u021bie? Ce reprezint\u0103 dreptul de autor? Care este durata dreptului de autor? Cine de\u021bine dreptul de proprietate intelectual\u0103?\" \/>\n<meta property=\"og:url\" content=\"https:\/\/ropatent.com\/index.php\/ro\/intrebari-frecvente-brevete-marci-desene-si-modele-industriale-drepturi-de-autor\/\" \/>\n<meta property=\"og:site_name\" content=\"Ropatent\" \/>\n<meta property=\"article:modified_time\" content=\"2016-11-10T18:51:14+00:00\" \/>\n<meta name=\"twitter:card\" content=\"summary\" \/>\n<script type=\"application\/ld+json\" class=\"yoast-schema-graph\">{\"@context\":\"https:\/\/schema.org\",\"@graph\":[{\"@type\":\"WebSite\",\"@id\":\"https:\/\/ropatent.com\/#website\",\"url\":\"https:\/\/ropatent.com\/\",\"name\":\"Ropatent\",\"description\":\"\",\"potentialAction\":[{\"@type\":\"SearchAction\",\"target\":{\"@type\":\"EntryPoint\",\"urlTemplate\":\"https:\/\/ropatent.com\/?s={search_term_string}\"},\"query-input\":\"required name=search_term_string\"}],\"inLanguage\":\"en-US\"},{\"@type\":\"WebPage\",\"@id\":\"https:\/\/ropatent.com\/index.php\/ro\/intrebari-frecvente-brevete-marci-desene-si-modele-industriale-drepturi-de-autor\/#webpage\",\"url\":\"https:\/\/ropatent.com\/index.php\/ro\/intrebari-frecvente-brevete-marci-desene-si-modele-industriale-drepturi-de-autor\/\",\"name\":\"\\u00centreb\\u0103ri frecvente: brevete, m\\u0103rci, desene \\u0219i modele industriale, drepturi de autor.\",\"isPartOf\":{\"@id\":\"https:\/\/ropatent.com\/#website\"},\"datePublished\":\"2016-02-21T13:19:38+00:00\",\"dateModified\":\"2016-11-10T18:51:14+00:00\",\"description\":\"Ce este o marc\\u0103? Ce este o marc\\u0103 european\\u0103? Ce este un brevet de inven\\u021bie? Ce reprezint\\u0103 dreptul de autor? Care este durata dreptului de autor? Cine de\\u021bine dreptul de proprietate intelectual\\u0103?\",\"breadcrumb\":{\"@id\":\"https:\/\/ropatent.com\/index.php\/ro\/intrebari-frecvente-brevete-marci-desene-si-modele-industriale-drepturi-de-autor\/#breadcrumb\"},\"inLanguage\":\"en-US\",\"potentialAction\":[{\"@type\":\"ReadAction\",\"target\":[\"https:\/\/ropatent.com\/index.php\/ro\/intrebari-frecvente-brevete-marci-desene-si-modele-industriale-drepturi-de-autor\/\"]}]},{\"@type\":\"BreadcrumbList\",\"@id\":\"https:\/\/ropatent.com\/index.php\/ro\/intrebari-frecvente-brevete-marci-desene-si-modele-industriale-drepturi-de-autor\/#breadcrumb\",\"itemListElement\":[{\"@type\":\"ListItem\",\"position\":1,\"name\":\"Home\",\"item\":\"https:\/\/ropatent.com\/index.php\/ro\/brevete-marci-desene-si-modele-industriale-drepturi-de-autor-strategie\/\"},{\"@type\":\"ListItem\",\"position\":2,\"name\":\"\\u00centreb\\u0103ri frecvente\"}]}]}<\/script>\n<!-- \/ Yoast SEO plugin. -->","yoast_head_json":{"title":"\u00centreb\u0103ri frecvente: brevete, m\u0103rci, desene \u0219i modele industriale, drepturi de autor.","description":"Ce este o marc\u0103? Ce este o marc\u0103 european\u0103? Ce este un brevet de inven\u021bie? Ce reprezint\u0103 dreptul de autor? Care este durata dreptului de autor? Cine de\u021bine dreptul de proprietate intelectual\u0103?","robots":{"index":"index","follow":"follow","max-snippet":"max-snippet:-1","max-image-preview":"max-image-preview:large","max-video-preview":"max-video-preview:-1"},"canonical":"https:\/\/ropatent.com\/index.php\/ro\/intrebari-frecvente-brevete-marci-desene-si-modele-industriale-drepturi-de-autor\/","og_locale":"en_US","og_type":"article","og_title":"\u00centreb\u0103ri frecvente: brevete, m\u0103rci, desene \u0219i modele industriale, drepturi de autor.","og_description":"Ce este o marc\u0103? Ce este o marc\u0103 european\u0103? Ce este un brevet de inven\u021bie? Ce reprezint\u0103 dreptul de autor? Care este durata dreptului de autor? Cine de\u021bine dreptul de proprietate intelectual\u0103?","og_url":"https:\/\/ropatent.com\/index.php\/ro\/intrebari-frecvente-brevete-marci-desene-si-modele-industriale-drepturi-de-autor\/","og_site_name":"Ropatent","article_modified_time":"2016-11-10T18:51:14+00:00","twitter_card":"summary","schema":{"@context":"https:\/\/schema.org","@graph":[{"@type":"WebSite","@id":"https:\/\/ropatent.com\/#website","url":"https:\/\/ropatent.com\/","name":"Ropatent","description":"","potentialAction":[{"@type":"SearchAction","target":{"@type":"EntryPoint","urlTemplate":"https:\/\/ropatent.com\/?s={search_term_string}"},"query-input":"required name=search_term_string"}],"inLanguage":"en-US"},{"@type":"WebPage","@id":"https:\/\/ropatent.com\/index.php\/ro\/intrebari-frecvente-brevete-marci-desene-si-modele-industriale-drepturi-de-autor\/#webpage","url":"https:\/\/ropatent.com\/index.php\/ro\/intrebari-frecvente-brevete-marci-desene-si-modele-industriale-drepturi-de-autor\/","name":"\u00centreb\u0103ri frecvente: brevete, m\u0103rci, desene \u0219i modele industriale, drepturi de autor.","isPartOf":{"@id":"https:\/\/ropatent.com\/#website"},"datePublished":"2016-02-21T13:19:38+00:00","dateModified":"2016-11-10T18:51:14+00:00","description":"Ce este o marc\u0103? Ce este o marc\u0103 european\u0103? Ce este un brevet de inven\u021bie? Ce reprezint\u0103 dreptul de autor? Care este durata dreptului de autor? Cine de\u021bine dreptul de proprietate intelectual\u0103?","breadcrumb":{"@id":"https:\/\/ropatent.com\/index.php\/ro\/intrebari-frecvente-brevete-marci-desene-si-modele-industriale-drepturi-de-autor\/#breadcrumb"},"inLanguage":"en-US","potentialAction":[{"@type":"ReadAction","target":["https:\/\/ropatent.com\/index.php\/ro\/intrebari-frecvente-brevete-marci-desene-si-modele-industriale-drepturi-de-autor\/"]}]},{"@type":"BreadcrumbList","@id":"https:\/\/ropatent.com\/index.php\/ro\/intrebari-frecvente-brevete-marci-desene-si-modele-industriale-drepturi-de-autor\/#breadcrumb","itemListElement":[{"@type":"ListItem","position":1,"name":"Home","item":"https:\/\/ropatent.com\/index.php\/ro\/brevete-marci-desene-si-modele-industriale-drepturi-de-autor-strategie\/"},{"@type":"ListItem","position":2,"name":"\u00centreb\u0103ri frecvente"}]}]}},"_links":{"self":[{"href":"https:\/\/ropatent.com\/index.php\/wp-json\/wp\/v2\/pages\/1088"}],"collection":[{"href":"https:\/\/ropatent.com\/index.php\/wp-json\/wp\/v2\/pages"}],"about":[{"href":"https:\/\/ropatent.com\/index.php\/wp-json\/wp\/v2\/types\/page"}],"author":[{"embeddable":true,"href":"https:\/\/ropatent.com\/index.php\/wp-json\/wp\/v2\/users\/1"}],"replies":[{"embeddable":true,"href":"https:\/\/ropatent.com\/index.php\/wp-json\/wp\/v2\/comments?post=1088"}],"version-history":[{"count":2,"href":"https:\/\/ropatent.com\/index.php\/wp-json\/wp\/v2\/pages\/1088\/revisions"}],"predecessor-version":[{"id":1655,"href":"https:\/\/ropatent.com\/index.php\/wp-json\/wp\/v2\/pages\/1088\/revisions\/1655"}],"wp:attachment":[{"href":"https:\/\/ropatent.com\/index.php\/wp-json\/wp\/v2\/media?parent=1088"}],"curies":[{"name":"wp","href":"https:\/\/api.w.org\/{rel}","templated":true}]}}